{"id":533,"date":"2015-12-07T14:05:07","date_gmt":"2015-12-07T14:05:07","guid":{"rendered":"http:\/\/johnbarry.org.uk\/monro_wp\/?page_id=533"},"modified":"2015-12-07T14:05:07","modified_gmt":"2015-12-07T14:05:07","slug":"lyrics-alguien-canto-the-music-played","status":"publish","type":"page","link":"https:\/\/johnbarry.org.uk\/mattmonro\/lyrics-2\/lyrics-alguien-canto-the-music-played\/","title":{"rendered":"Lyrics &#8211; Alguien Canto (The Music Played)"},"content":{"rendered":"<p>Alguien Canto (The Music Played)<\/p>\n<p>Quiz\u00e1 no supe hablar<br \/>\ncuando deb\u00ed<br \/>\nhay algo en tu mirar<br \/>\nque nunca v\u00ed<br \/>\nsilencio sin piedad<br \/>\nen vez de amor<br \/>\nmas cuando quise hablar<br \/>\nalguien cant\u00f3<\/p>\n<p>Juntos bailando van<br \/>\nalrededor<br \/>\nmientras miraba yo<br \/>\nfrente a los dos<br \/>\nsenti que alguien habl\u00f3<br \/>\nera tu voz<br \/>\ncuando te acarici\u00f3<br \/>\nalguien cant\u00f3<\/p>\n<p>Y en la oscuridad de pronto comprend\u00ed<br \/>\nque mi orgullo fue el que te hiri\u00f3<br \/>\nya ves que sin querer yo misma te gui\u00e9<br \/>\njunto a su lado, como antes ya pas\u00f3<\/p>\n<p>Quiz\u00e1 no pude hablar<br \/>\ncuando deb\u00ed<br \/>\nmi mente control\u00f3<br \/>\nmi coraz\u00f3n<br \/>\nel precio que pagu\u00e9<br \/>\nfue verte as\u00ed<\/p>\n<p>Quando perdi tu amor<br \/>\nalguien cant\u00f3<\/p>\n","protected":false},"excerpt":{"rendered":"<p>Alguien Canto (The Music Played) Quiz\u00e1 no supe hablar cuando deb\u00ed hay algo en tu mirar que nunca v\u00ed silencio sin piedad en vez de amor mas cuando quise hablar [&hellip;]<\/p>\n","protected":false},"author":2,"featured_media":0,"parent":507,"menu_order":0,"comment_status":"closed","ping_status":"closed","template":"","meta":{"footnotes":""},"class_list":["post-533","page","type-page","status-publish","hentry"],"aioseo_notices":[],"_links":{"self":[{"href":"https:\/\/johnbarry.org.uk\/mattmonro\/wp-json\/wp\/v2\/pages\/533","targetHints":{"allow":["GET"]}}],"collection":[{"href":"https:\/\/johnbarry.org.uk\/mattmonro\/wp-json\/wp\/v2\/pages"}],"about":[{"href":"https:\/\/johnbarry.org.uk\/mattmonro\/wp-json\/wp\/v2\/types\/page"}],"author":[{"embeddable":true,"href":"https:\/\/johnbarry.org.uk\/mattmonro\/wp-json\/wp\/v2\/users\/2"}],"replies":[{"embeddable":true,"href":"https:\/\/johnbarry.org.uk\/mattmonro\/wp-json\/wp\/v2\/comments?post=533"}],"version-history":[{"count":1,"href":"https:\/\/johnbarry.org.uk\/mattmonro\/wp-json\/wp\/v2\/pages\/533\/revisions"}],"predecessor-version":[{"id":534,"href":"https:\/\/johnbarry.org.uk\/mattmonro\/wp-json\/wp\/v2\/pages\/533\/revisions\/534"}],"up":[{"embeddable":true,"href":"https:\/\/johnbarry.org.uk\/mattmonro\/wp-json\/wp\/v2\/pages\/507"}],"wp:attachment":[{"href":"https:\/\/johnbarry.org.uk\/mattmonro\/wp-json\/wp\/v2\/media?parent=533"}],"curies":[{"name":"wp","href":"https:\/\/api.w.org\/{rel}","templated":true}]}}