{"id":541,"date":"2015-12-07T14:07:12","date_gmt":"2015-12-07T14:07:12","guid":{"rendered":"http:\/\/johnbarry.org.uk\/monro_wp\/?page_id=541"},"modified":"2015-12-07T14:07:12","modified_gmt":"2015-12-07T14:07:12","slug":"lyrics-a-mi-manera-my-way-spanish","status":"publish","type":"page","link":"https:\/\/johnbarry.org.uk\/mattmonro\/lyrics-2\/lyrics-a-mi-manera-my-way-spanish\/","title":{"rendered":"Lyrics &#8211; A Mi Manera (My Way &#8211; Spanish)"},"content":{"rendered":"<p>El fin muy cerca est\u00e1, lo afrontar\u00e9 serenamente,<br \/>\nya ves, yo he sido as\u00ed, te lo dir\u00e9 sinceramente<br \/>\nViv\u00ed la intensidad y no encontr\u00e9 jam\u00e1s fronteras<br \/>\njugu\u00e9 sin descansar y a mi manera.<\/p>\n<p>Jam\u00e1s viv\u00ed un amor que para m\u00ed fuera importante<br \/>\ntom\u00e9 solo la flor y lo mejor de cada instante<br \/>\nViaj\u00e9 y disfrut\u00e9, no se si m\u00e1s que otro cualquiera<br \/>\nsi bien, todo eso fu\u00e9 a mi manera.<\/p>\n<p>Tal vez llor\u00e9, tal vez re\u00ed,<br \/>\ntal vez gan\u00e9 o tal vez perd\u00ed<br \/>\nahora s\u00e9 que fu\u00ed feliz, que si llor\u00e9 tambi\u00e9n am\u00e9<br \/>\ny todo fu\u00e9, puedo decir, a mi manera.<\/p>\n<p>Quiz\u00e1s tambi\u00e9n dud\u00e9 cuando mejor me divert\u00eda<br \/>\nquiz\u00e1s yo despreci\u00e9 aquello que no comprend\u00eda<br \/>\nhoy s\u00e9 que infierno fu\u00ed y que afront\u00e9 ser como era<br \/>\ny as\u00ed logr\u00e9 seguir, a mi manera.<\/p>\n<p>Porque ya sabr\u00e1s que el hombre al fin<br \/>\nconocer\u00e1s por su vivir<br \/>\nno hay porque hablar, ni que decir,<br \/>\nni recordar, ni hay que fingir<br \/>\npuedo llegar hasta el final, A MI MANERA!!<\/p>\n","protected":false},"excerpt":{"rendered":"<p>El fin muy cerca est\u00e1, lo afrontar\u00e9 serenamente, ya ves, yo he sido as\u00ed, te lo dir\u00e9 sinceramente Viv\u00ed la intensidad y no encontr\u00e9 jam\u00e1s fronteras jugu\u00e9 sin descansar y [&hellip;]<\/p>\n","protected":false},"author":2,"featured_media":0,"parent":507,"menu_order":0,"comment_status":"closed","ping_status":"closed","template":"","meta":{"footnotes":""},"class_list":["post-541","page","type-page","status-publish","hentry"],"aioseo_notices":[],"_links":{"self":[{"href":"https:\/\/johnbarry.org.uk\/mattmonro\/wp-json\/wp\/v2\/pages\/541","targetHints":{"allow":["GET"]}}],"collection":[{"href":"https:\/\/johnbarry.org.uk\/mattmonro\/wp-json\/wp\/v2\/pages"}],"about":[{"href":"https:\/\/johnbarry.org.uk\/mattmonro\/wp-json\/wp\/v2\/types\/page"}],"author":[{"embeddable":true,"href":"https:\/\/johnbarry.org.uk\/mattmonro\/wp-json\/wp\/v2\/users\/2"}],"replies":[{"embeddable":true,"href":"https:\/\/johnbarry.org.uk\/mattmonro\/wp-json\/wp\/v2\/comments?post=541"}],"version-history":[{"count":1,"href":"https:\/\/johnbarry.org.uk\/mattmonro\/wp-json\/wp\/v2\/pages\/541\/revisions"}],"predecessor-version":[{"id":542,"href":"https:\/\/johnbarry.org.uk\/mattmonro\/wp-json\/wp\/v2\/pages\/541\/revisions\/542"}],"up":[{"embeddable":true,"href":"https:\/\/johnbarry.org.uk\/mattmonro\/wp-json\/wp\/v2\/pages\/507"}],"wp:attachment":[{"href":"https:\/\/johnbarry.org.uk\/mattmonro\/wp-json\/wp\/v2\/media?parent=541"}],"curies":[{"name":"wp","href":"https:\/\/api.w.org\/{rel}","templated":true}]}}