{"id":754,"date":"2015-12-09T12:52:31","date_gmt":"2015-12-09T12:52:31","guid":{"rendered":"http:\/\/johnbarry.org.uk\/monro_wp\/?page_id=754"},"modified":"2015-12-09T12:52:31","modified_gmt":"2015-12-09T12:52:31","slug":"lyrics-if-you-go-away-no-me-dejes","status":"publish","type":"page","link":"https:\/\/johnbarry.org.uk\/mattmonro\/lyrics-2\/lyrics-if-you-go-away-no-me-dejes\/","title":{"rendered":"Lyrics &#8211; If You Go Away (No Me Dejes)"},"content":{"rendered":"<p>No me dejes no, tienes que olvidar,<br \/>\nvuelve por favor, no te acuerdas m\u00e1s de lo que pas\u00f3,<br \/>\nlo que hice yo y me hiciste t\u00fa,<br \/>\neso que mas dar, olvidar tambien la desilusi\u00f3n,<br \/>\nque lleg\u00f3 tal vez y por otro amor,<br \/>\nno me dejes no, no me dejes no, no me dejes no.<\/p>\n<p>Yo te cubrir\u00e9 todo de coral, con plata y rub\u00ed, perlas de la mar,<br \/>\nyo te llevar\u00e9 conmigo a un pa\u00eds,<br \/>\ndonde todo es luz, besos y canci\u00f3n,<br \/>\nsin conmigo est\u00e1s, la reina ser\u00e1s, yo ser\u00e9 tu rey,<br \/>\nsi estas junto a mi,<br \/>\nno me dejes no, no me dejes no, no me dejes no.<\/p>\n<p>No me dejes no, te convencer\u00e9 con el coraz\u00f3n,<br \/>\ntal vez sin raz\u00f3n te recordar\u00e9,<br \/>\ncuando te ibas ir, y te v\u00ed temblar por primera vez,<br \/>\ny te explicar\u00e9 que la muerte esta siempre tras de mi,<br \/>\ncuando tu te vas,<br \/>\nno me dejes no, no me dejes no, no me dejes no.<\/p>\n<p>But if you stay, I&#8217;ll make you a night,<br \/>\nlike no night has been, nor will be again,<br \/>\nI&#8217;ll sail on your smile, I&#8217;ll ride on your touch,<br \/>\nI&#8217;ll talk to your eyes that I love so much,<br \/>\nbut if you go, go I won&#8217;t cry, though the good is gone,<br \/>\nfrom the word good bye,<br \/>\nif you go away, if you go away, if you go away.<\/p>\n<p>If you go away, as I know you must,<br \/>\nthere&#8217;ll been nothing left in the world to trust,<br \/>\njust an empty room, full of empty space,<br \/>\nlike the empty look, I see on your face,<br \/>\nI&#8217;d had been a shadow of your shadow,<br \/>\nif I thought it might it kept me by your side,<br \/>\nif you go away, if you go away,<br \/>\nplease don&#8217;t go away.<\/p>\n","protected":false},"excerpt":{"rendered":"<p>No me dejes no, tienes que olvidar, vuelve por favor, no te acuerdas m\u00e1s de lo que pas\u00f3, lo que hice yo y me hiciste t\u00fa, eso que mas dar, [&hellip;]<\/p>\n","protected":false},"author":2,"featured_media":0,"parent":507,"menu_order":0,"comment_status":"closed","ping_status":"closed","template":"","meta":{"footnotes":""},"class_list":["post-754","page","type-page","status-publish","hentry"],"aioseo_notices":[],"_links":{"self":[{"href":"https:\/\/johnbarry.org.uk\/mattmonro\/wp-json\/wp\/v2\/pages\/754","targetHints":{"allow":["GET"]}}],"collection":[{"href":"https:\/\/johnbarry.org.uk\/mattmonro\/wp-json\/wp\/v2\/pages"}],"about":[{"href":"https:\/\/johnbarry.org.uk\/mattmonro\/wp-json\/wp\/v2\/types\/page"}],"author":[{"embeddable":true,"href":"https:\/\/johnbarry.org.uk\/mattmonro\/wp-json\/wp\/v2\/users\/2"}],"replies":[{"embeddable":true,"href":"https:\/\/johnbarry.org.uk\/mattmonro\/wp-json\/wp\/v2\/comments?post=754"}],"version-history":[{"count":1,"href":"https:\/\/johnbarry.org.uk\/mattmonro\/wp-json\/wp\/v2\/pages\/754\/revisions"}],"predecessor-version":[{"id":755,"href":"https:\/\/johnbarry.org.uk\/mattmonro\/wp-json\/wp\/v2\/pages\/754\/revisions\/755"}],"up":[{"embeddable":true,"href":"https:\/\/johnbarry.org.uk\/mattmonro\/wp-json\/wp\/v2\/pages\/507"}],"wp:attachment":[{"href":"https:\/\/johnbarry.org.uk\/mattmonro\/wp-json\/wp\/v2\/media?parent=754"}],"curies":[{"name":"wp","href":"https:\/\/api.w.org\/{rel}","templated":true}]}}