{"id":883,"date":"2015-12-09T14:01:25","date_gmt":"2015-12-09T14:01:25","guid":{"rendered":"http:\/\/johnbarry.org.uk\/monro_wp\/?page_id=883"},"modified":"2015-12-09T14:01:25","modified_gmt":"2015-12-09T14:01:25","slug":"lyrics-que-tonto-fui","status":"publish","type":"page","link":"https:\/\/johnbarry.org.uk\/mattmonro\/lyrics-2\/lyrics-que-tonto-fui\/","title":{"rendered":"Lyrics &#8211; Que tonto fui"},"content":{"rendered":"<p>Que tonto fui<\/p>\n<p>que tonto fui no supe ver que habia en ti<br \/>\nme equivoqu\u00e9 tu gran amor no comprendi<br \/>\nlo nuestro un juego pareci\u00f3<br \/>\nno pud\u00e9 imaginar algo entre los dos<\/p>\n<p>que tonto fui no supe ver que hab\u00eda en mi<br \/>\nyo te dej\u00e9 y sin piedad te perdi<br \/>\nel sue\u00f1o de algo genial me separ\u00f3 de ti<br \/>\nyo no supe amar<\/p>\n<p>desesperado fui a buscar<br \/>\nquien sabe que ilusion<br \/>\nsolo tristezas puede encontrar<br \/>\nbesos y de ilusion<\/p>\n<p>que tonto fui por la verdad yo no volvi<br \/>\nel tiempo fu\u00e9 ya me ense\u00f1\u00f3 a no fingir<br \/>\nahora se que te perdi, volvi muy tarde ya<br \/>\nsolo un tonto fui<\/p>\n<p>ahora se que te perdi, volvi muy tarde ya<br \/>\nsolo un tonto fui<\/p>\n","protected":false},"excerpt":{"rendered":"<p>Que tonto fui que tonto fui no supe ver que habia en ti me equivoqu\u00e9 tu gran amor no comprendi lo nuestro un juego pareci\u00f3 no pud\u00e9 imaginar algo entre [&hellip;]<\/p>\n","protected":false},"author":2,"featured_media":0,"parent":507,"menu_order":0,"comment_status":"closed","ping_status":"closed","template":"","meta":{"footnotes":""},"class_list":["post-883","page","type-page","status-publish","hentry"],"aioseo_notices":[],"_links":{"self":[{"href":"https:\/\/johnbarry.org.uk\/mattmonro\/wp-json\/wp\/v2\/pages\/883","targetHints":{"allow":["GET"]}}],"collection":[{"href":"https:\/\/johnbarry.org.uk\/mattmonro\/wp-json\/wp\/v2\/pages"}],"about":[{"href":"https:\/\/johnbarry.org.uk\/mattmonro\/wp-json\/wp\/v2\/types\/page"}],"author":[{"embeddable":true,"href":"https:\/\/johnbarry.org.uk\/mattmonro\/wp-json\/wp\/v2\/users\/2"}],"replies":[{"embeddable":true,"href":"https:\/\/johnbarry.org.uk\/mattmonro\/wp-json\/wp\/v2\/comments?post=883"}],"version-history":[{"count":1,"href":"https:\/\/johnbarry.org.uk\/mattmonro\/wp-json\/wp\/v2\/pages\/883\/revisions"}],"predecessor-version":[{"id":884,"href":"https:\/\/johnbarry.org.uk\/mattmonro\/wp-json\/wp\/v2\/pages\/883\/revisions\/884"}],"up":[{"embeddable":true,"href":"https:\/\/johnbarry.org.uk\/mattmonro\/wp-json\/wp\/v2\/pages\/507"}],"wp:attachment":[{"href":"https:\/\/johnbarry.org.uk\/mattmonro\/wp-json\/wp\/v2\/media?parent=883"}],"curies":[{"name":"wp","href":"https:\/\/api.w.org\/{rel}","templated":true}]}}