{"id":905,"date":"2015-12-09T14:06:14","date_gmt":"2015-12-09T14:06:14","guid":{"rendered":"http:\/\/johnbarry.org.uk\/monro_wp\/?page_id=905"},"modified":"2015-12-09T14:06:14","modified_gmt":"2015-12-09T14:06:14","slug":"lyrics-la-sombra-de-tu-sonrisa","status":"publish","type":"page","link":"https:\/\/johnbarry.org.uk\/mattmonro\/lyrics-2\/lyrics-la-sombra-de-tu-sonrisa\/","title":{"rendered":"Lyrics &#8211; La sombra de tu sonrisa"},"content":{"rendered":"<p>herido estaba yo, senti senti<br \/>\ncansado de implorar, tu amor, tu amor<br \/>\nyo intent\u00e9 sin ti , volar, volar<br \/>\nno lo consegu\u00ed, jamas, jamas<\/p>\n<p>y cuando a mi lleg\u00f3, tu amor, tu amor<br \/>\nla herida en mi calor pas\u00f3 pas\u00f3<br \/>\nporque el d\u00eda que junto a mi<br \/>\ntanta dicha yo senti<br \/>\nque de amor y jubilo<br \/>\nmi coraz\u00f3n vol\u00f3<\/p>\n<p>porque al verte junto a mi<br \/>\ntanta dicha yo senti<br \/>\nque de amor y jubilo<br \/>\nmi coraz\u00f3n vol\u00f3<\/p>\n","protected":false},"excerpt":{"rendered":"<p>herido estaba yo, senti senti cansado de implorar, tu amor, tu amor yo intent\u00e9 sin ti , volar, volar no lo consegu\u00ed, jamas, jamas y cuando a mi lleg\u00f3, tu [&hellip;]<\/p>\n","protected":false},"author":2,"featured_media":0,"parent":507,"menu_order":0,"comment_status":"closed","ping_status":"closed","template":"","meta":{"footnotes":""},"class_list":["post-905","page","type-page","status-publish","hentry"],"aioseo_notices":[],"_links":{"self":[{"href":"https:\/\/johnbarry.org.uk\/mattmonro\/wp-json\/wp\/v2\/pages\/905","targetHints":{"allow":["GET"]}}],"collection":[{"href":"https:\/\/johnbarry.org.uk\/mattmonro\/wp-json\/wp\/v2\/pages"}],"about":[{"href":"https:\/\/johnbarry.org.uk\/mattmonro\/wp-json\/wp\/v2\/types\/page"}],"author":[{"embeddable":true,"href":"https:\/\/johnbarry.org.uk\/mattmonro\/wp-json\/wp\/v2\/users\/2"}],"replies":[{"embeddable":true,"href":"https:\/\/johnbarry.org.uk\/mattmonro\/wp-json\/wp\/v2\/comments?post=905"}],"version-history":[{"count":1,"href":"https:\/\/johnbarry.org.uk\/mattmonro\/wp-json\/wp\/v2\/pages\/905\/revisions"}],"predecessor-version":[{"id":906,"href":"https:\/\/johnbarry.org.uk\/mattmonro\/wp-json\/wp\/v2\/pages\/905\/revisions\/906"}],"up":[{"embeddable":true,"href":"https:\/\/johnbarry.org.uk\/mattmonro\/wp-json\/wp\/v2\/pages\/507"}],"wp:attachment":[{"href":"https:\/\/johnbarry.org.uk\/mattmonro\/wp-json\/wp\/v2\/media?parent=905"}],"curies":[{"name":"wp","href":"https:\/\/api.w.org\/{rel}","templated":true}]}}