{"id":945,"date":"2015-12-09T14:19:11","date_gmt":"2015-12-09T14:19:11","guid":{"rendered":"http:\/\/johnbarry.org.uk\/monro_wp\/?page_id=945"},"modified":"2015-12-09T14:19:11","modified_gmt":"2015-12-09T14:19:11","slug":"lyrics-todo-pasara","status":"publish","type":"page","link":"https:\/\/johnbarry.org.uk\/mattmonro\/lyrics-2\/lyrics-todo-pasara\/","title":{"rendered":"Lyrics &#8211; Todo pasar\u00e1"},"content":{"rendered":"<p>yo te di mi amor por un d\u00eda<br \/>\ny despu\u00e9s sin querer te perdi<br \/>\nno crei que el amor exist\u00eda<br \/>\nque tambien llorar\u00eda por ti<\/p>\n<p>mas todo pasa todo pasar\u00e1<br \/>\ny nada queda, nada quedar\u00e1<br \/>\nsolo se encuentra la felicidad<br \/>\ncuando se brinda el coraz\u00f3n<\/p>\n<p>volver\u00e9 a querer algun d\u00eda<br \/>\nahora se que no voy a llorar<br \/>\nsi en mi ya no hay alegria<br \/>\nla esperanza me hace gritar<\/p>\n<p>mas todo pasa todo pasar\u00e1<br \/>\ny nada queda, nada quedar\u00e1<br \/>\nsolo se encuentra la felicidad<br \/>\ncuando se brinda el coraz\u00f3n<\/p>\n","protected":false},"excerpt":{"rendered":"<p>yo te di mi amor por un d\u00eda y despu\u00e9s sin querer te perdi no crei que el amor exist\u00eda que tambien llorar\u00eda por ti mas todo pasa todo pasar\u00e1 [&hellip;]<\/p>\n","protected":false},"author":2,"featured_media":0,"parent":507,"menu_order":0,"comment_status":"closed","ping_status":"closed","template":"","meta":{"footnotes":""},"class_list":["post-945","page","type-page","status-publish","hentry"],"aioseo_notices":[],"_links":{"self":[{"href":"https:\/\/johnbarry.org.uk\/mattmonro\/wp-json\/wp\/v2\/pages\/945","targetHints":{"allow":["GET"]}}],"collection":[{"href":"https:\/\/johnbarry.org.uk\/mattmonro\/wp-json\/wp\/v2\/pages"}],"about":[{"href":"https:\/\/johnbarry.org.uk\/mattmonro\/wp-json\/wp\/v2\/types\/page"}],"author":[{"embeddable":true,"href":"https:\/\/johnbarry.org.uk\/mattmonro\/wp-json\/wp\/v2\/users\/2"}],"replies":[{"embeddable":true,"href":"https:\/\/johnbarry.org.uk\/mattmonro\/wp-json\/wp\/v2\/comments?post=945"}],"version-history":[{"count":1,"href":"https:\/\/johnbarry.org.uk\/mattmonro\/wp-json\/wp\/v2\/pages\/945\/revisions"}],"predecessor-version":[{"id":946,"href":"https:\/\/johnbarry.org.uk\/mattmonro\/wp-json\/wp\/v2\/pages\/945\/revisions\/946"}],"up":[{"embeddable":true,"href":"https:\/\/johnbarry.org.uk\/mattmonro\/wp-json\/wp\/v2\/pages\/507"}],"wp:attachment":[{"href":"https:\/\/johnbarry.org.uk\/mattmonro\/wp-json\/wp\/v2\/media?parent=945"}],"curies":[{"name":"wp","href":"https:\/\/api.w.org\/{rel}","templated":true}]}}